{"id":5635,"date":"2024-05-26T15:24:27","date_gmt":"2024-05-26T12:24:27","guid":{"rendered":"https:\/\/bus.chingiz.online\/pakivedu\/"},"modified":"2025-07-30T14:30:07","modified_gmt":"2025-07-30T11:30:07","slug":"pakivedu","status":"publish","type":"page","link":"https:\/\/crgb.monodigital.solutions\/et\/pakivedu\/","title":{"rendered":"PAKIVEDU"},"content":{"rendered":"\t\t<div data-elementor-type=\"wp-page\" data-elementor-id=\"5635\" class=\"elementor elementor-5635 elementor-1223\" data-elementor-settings=\"{&quot;element_pack_global_tooltip_width&quot;:{&quot;unit&quot;:&quot;px&quot;,&quot;size&quot;:&quot;&quot;,&quot;sizes&quot;:[]},&quot;element_pack_global_tooltip_width_laptop&quot;:{&quot;unit&quot;:&quot;px&quot;,&quot;size&quot;:&quot;&quot;,&quot;sizes&quot;:[]},&quot;element_pack_global_tooltip_width_tablet&quot;:{&quot;unit&quot;:&quot;px&quot;,&quot;size&quot;:&quot;&quot;,&quot;sizes&quot;:[]},&quot;element_pack_global_tooltip_width_mobile&quot;:{&quot;unit&quot;:&quot;px&quot;,&quot;size&quot;:&quot;&quot;,&quot;sizes&quot;:[]},&quot;element_pack_global_tooltip_padding&quot;:{&quot;unit&quot;:&quot;px&quot;,&quot;top&quot;:&quot;&quot;,&quot;right&quot;:&quot;&quot;,&quot;bottom&quot;:&quot;&quot;,&quot;left&quot;:&quot;&quot;,&quot;isLinked&quot;:true},&quot;element_pack_global_tooltip_padding_laptop&quot;:{&quot;unit&quot;:&quot;px&quot;,&quot;top&quot;:&quot;&quot;,&quot;right&quot;:&quot;&quot;,&quot;bottom&quot;:&quot;&quot;,&quot;left&quot;:&quot;&quot;,&quot;isLinked&quot;:true},&quot;element_pack_global_tooltip_padding_tablet&quot;:{&quot;unit&quot;:&quot;px&quot;,&quot;top&quot;:&quot;&quot;,&quot;right&quot;:&quot;&quot;,&quot;bottom&quot;:&quot;&quot;,&quot;left&quot;:&quot;&quot;,&quot;isLinked&quot;:true},&quot;element_pack_global_tooltip_padding_mobile&quot;:{&quot;unit&quot;:&quot;px&quot;,&quot;top&quot;:&quot;&quot;,&quot;right&quot;:&quot;&quot;,&quot;bottom&quot;:&quot;&quot;,&quot;left&quot;:&quot;&quot;,&quot;isLinked&quot;:true},&quot;element_pack_global_tooltip_border_radius&quot;:{&quot;unit&quot;:&quot;px&quot;,&quot;top&quot;:&quot;&quot;,&quot;right&quot;:&quot;&quot;,&quot;bottom&quot;:&quot;&quot;,&quot;left&quot;:&quot;&quot;,&quot;isLinked&quot;:true},&quot;element_pack_global_tooltip_border_radius_laptop&quot;:{&quot;unit&quot;:&quot;px&quot;,&quot;top&quot;:&quot;&quot;,&quot;right&quot;:&quot;&quot;,&quot;bottom&quot;:&quot;&quot;,&quot;left&quot;:&quot;&quot;,&quot;isLinked&quot;:true},&quot;element_pack_global_tooltip_border_radius_tablet&quot;:{&quot;unit&quot;:&quot;px&quot;,&quot;top&quot;:&quot;&quot;,&quot;right&quot;:&quot;&quot;,&quot;bottom&quot;:&quot;&quot;,&quot;left&quot;:&quot;&quot;,&quot;isLinked&quot;:true},&quot;element_pack_global_tooltip_border_radius_mobile&quot;:{&quot;unit&quot;:&quot;px&quot;,&quot;top&quot;:&quot;&quot;,&quot;right&quot;:&quot;&quot;,&quot;bottom&quot;:&quot;&quot;,&quot;left&quot;:&quot;&quot;,&quot;isLinked&quot;:true}}\" data-elementor-post-type=\"page\">\n\t\t\t\t<div class=\"elementor-element elementor-element-356d592 e-flex e-con-boxed e-con e-parent\" data-id=\"356d592\" data-element_type=\"container\" data-e-type=\"container\" data-settings=\"{&quot;background_background&quot;:&quot;classic&quot;}\">\n\t\t\t\t\t<div class=\"e-con-inner\">\n\t\t<div class=\"elementor-element elementor-element-a711251 e-con-full elementor-hidden-mobile e-flex e-con e-child\" data-id=\"a711251\" data-element_type=\"container\" data-e-type=\"container\">\n\t\t\t\t<div class=\"elementor-element elementor-element-f1f499c elementor-widget elementor-widget-image\" data-id=\"f1f499c\" data-element_type=\"widget\" data-e-type=\"widget\" data-widget_type=\"image.default\">\n\t\t\t\t\t\t\t\t\t\t\t\t\t\t\t<img fetchpriority=\"high\" decoding=\"async\" width=\"486\" height=\"568\" src=\"https:\/\/crgb.monodigital.solutions\/wp-content\/uploads\/2024\/05\/Cargobus-parcel-delivery.webp\" class=\"attachment-full size-full wp-image-5285\" alt=\"\" srcset=\"https:\/\/crgb.monodigital.solutions\/wp-content\/uploads\/2024\/05\/Cargobus-parcel-delivery.webp 486w, https:\/\/crgb.monodigital.solutions\/wp-content\/uploads\/2024\/05\/Cargobus-parcel-delivery-257x300.webp 257w\" sizes=\"(max-width: 486px) 100vw, 486px\" \/>\t\t\t\t\t\t\t\t\t\t\t\t\t\t\t<\/div>\n\t\t\t\t<\/div>\n\t\t<div class=\"elementor-element elementor-element-63fdeb9 e-con-full e-flex e-con e-child\" data-id=\"63fdeb9\" data-element_type=\"container\" data-e-type=\"container\">\n\t\t\t\t<div class=\"elementor-element elementor-element-77409f0 elementor-widget elementor-widget-heading\" data-id=\"77409f0\" data-element_type=\"widget\" data-e-type=\"widget\" data-widget_type=\"heading.default\">\n\t\t\t\t\t<h2 class=\"elementor-heading-title elementor-size-default\">PAKIVEDU<\/h2>\t\t\t\t<\/div>\n\t\t\t\t<div class=\"elementor-element elementor-element-48cdb4c elementor-widget-tablet__width-inherit elementor-widget elementor-widget-text-editor\" data-id=\"48cdb4c\" data-element_type=\"widget\" data-e-type=\"widget\" data-widget_type=\"text-editor.default\">\n\t\t\t\t\t\t\t\t\t<p>Meie pakivedu on ainulaadne, sest kasutame saadetiste kohaletoimetamiseks liinibusside v\u00f5rgustikku, terminale, pakipunkte ning vajadusel kullereid ja kaubaautosid.<\/p>\n<p>Kaubavedu liinibussides ehk paki saatmine bussijuhiga toimib transpordi jagamise p\u00f5him\u00f5ttel. Eestis v\u00f5imaldab see saadetised m\u00f5ne tunni jooksul kohale toimetada, pakkudes parimat v\u00f5imalikku veosagedust ja hinda. Reisiveobusside kasutamine aitab meil j\u00e4tta ka v\u00e4iksema \u00f6koloogilise jalaj\u00e4lje.<\/p>\n<p>Paki saatmine Tallinnast Tartusse toimub v\u00e4hemalt 12 korda p\u00e4evas, Tallinnast P\u00e4rnusse v\u00e4hemalt 9 korda p\u00e4evas ja Tallinnast Narva v\u00e4hemalt 6 korda p\u00e4evas. Teeme koost\u00f6\u00f6d umbes 10 bussifirmaga ja kasutame kaubaveoks igap\u00e4evaselt kuni 600 bussiliini. Meil on 13 terminali \u00fcle Eesti, lisaks terminalid L\u00e4tis ja Leedus.<\/p>\n<p>Selleks, et paki saatmine ja saadetise j\u00e4lgimine oleksid veelgi lihtsamad, pakume veebip\u00f5hist saatmis- ja j\u00e4lgimiss\u00fcsteemi \u2013\u00a0<strong><a title=\"SAADA PAKK\" href=\"https:\/\/crgb.monodigital.solutions\/tellige\/\" target=\"_blank\" rel=\"noopener\">SAADA PAKK<\/a><\/strong>!<\/p>\n<p>Tutvu k\u00f5ikide pakutavate\u00a0<strong><a title=\"TEENUSED\" href=\"https:\/\/crgb.monodigital.solutions\/teenused\/teenused\/\" target=\"_blank\" rel=\"noopener\">TEENUSTEGA<\/a>\u00a0<\/strong>ja\u00a0<strong><a title=\"HINNAKIRI\" href=\"https:\/\/crgb.monodigital.solutions\/teenused\/hinnakiri\/\" target=\"_blank\" rel=\"noopener\">HINNAKIRJAGA<\/a><\/strong>!<\/p>\n\t\t\t\t\t\t\t\t<\/div>\n\t\t\t\t<div class=\"elementor-element elementor-element-623a5ab elementor-widget elementor-widget-heading\" data-id=\"623a5ab\" data-element_type=\"widget\" data-e-type=\"widget\" data-widget_type=\"heading.default\">\n\t\t\t\t\t<h2 class=\"elementor-heading-title elementor-size-default\">Saada pakk<\/h2>\t\t\t\t<\/div>\n\t\t\t\t<div class=\"elementor-element elementor-element-ccfdf6d elementor-widget elementor-widget-text-editor\" data-id=\"ccfdf6d\" data-element_type=\"widget\" data-e-type=\"widget\" data-widget_type=\"text-editor.default\">\n\t\t\t\t\t\t\t\t\t<p><strong>\u2192<\/strong>\u00a0Ekspressteenus terminalist terminali.<\/p>\n<p><strong>\u2192<\/strong>\u00a0Kulleriga uksest ukseni.<\/p>\n<p><strong>\u2192<\/strong>\u00a0Kulleriga saatja aadressilt Cargobusi terminali.<\/p>\n<p><strong>\u2192<\/strong>\u00a0Cargobusi terminalist kulleriga saaja aadressile.<\/p>\n\t\t\t\t\t\t\t\t<\/div>\n\t\t\t\t<\/div>\n\t\t\t\t\t<\/div>\n\t\t\t\t<\/div>\n\t\t<div class=\"elementor-element elementor-element-32dbd30 e-flex e-con-boxed e-con e-parent\" data-id=\"32dbd30\" data-element_type=\"container\" data-e-type=\"container\" data-settings=\"{&quot;background_background&quot;:&quot;classic&quot;}\">\n\t\t\t\t\t<div class=\"e-con-inner\">\n\t\t<div class=\"elementor-element elementor-element-e346a5f e-con-full e-flex e-con e-child\" data-id=\"e346a5f\" data-element_type=\"container\" data-e-type=\"container\">\n\t\t\t\t<div class=\"elementor-element elementor-element-9edc3e6 elementor-widget__width-initial elementor-widget-mobile__width-inherit elementor-widget elementor-widget-heading\" data-id=\"9edc3e6\" data-element_type=\"widget\" data-e-type=\"widget\" data-widget_type=\"heading.default\">\n\t\t\t\t\t<h2 class=\"elementor-heading-title elementor-size-default\">Too pakk terminali v\u00f5i telli kuller uksest ukseni!<\/h2>\t\t\t\t<\/div>\n\t\t\t\t<\/div>\n\t\t<div class=\"elementor-element elementor-element-61ed849 e-con-full e-flex e-con e-child\" data-id=\"61ed849\" data-element_type=\"container\" data-e-type=\"container\">\n\t\t\t\t<div class=\"elementor-element elementor-element-42b683b elementor-widget elementor-widget-heading\" data-id=\"42b683b\" data-element_type=\"widget\" data-e-type=\"widget\" data-widget_type=\"heading.default\">\n\t\t\t\t\t<h2 class=\"elementor-heading-title elementor-size-default\">Meie pakiveo eelised<\/h2>\t\t\t\t<\/div>\n\t\t\t\t<div class=\"elementor-element elementor-element-746f65c elementor-widget elementor-widget-text-editor\" data-id=\"746f65c\" data-element_type=\"widget\" data-e-type=\"widget\" data-widget_type=\"text-editor.default\">\n\t\t\t\t\t\t\t\t\t<p><strong>\u2713<\/strong><strong>\u00a0Parim veosagedus Eestis<\/strong>\u00a0\u2013 15 terminali Baltikumis, koost\u00f6\u00f6 umbes 20 bussifirmaga, kasutame igap\u00e4evaselt\u00a0kuni\u00a0600 bussiliini, kullereid ja kaubaautosid.<\/p>\n<p><strong>\u2713<\/strong><strong>\u00a0Kiire<\/strong>\u00a0\u2013 \u00f5igeaegselt teele pandud saadetis on riigisiseselt kohal juba samal p\u00e4eval.<\/p>\n<p><strong>\u2713<\/strong><strong>\u00a0Usaldusv\u00e4\u00e4rne<\/strong>\u00a0\u2013 pakiveokogemus 1992. aastast.<\/p>\n<p><strong>\u2713<\/strong><strong>\u00a0T\u00e4pne<\/strong>\u00a0\u2013 kohalej\u00f5udmisaeg on t\u00e4pselt prognoositav.<\/p>\n<p><strong>\u2713<\/strong><strong>\u00a0Mugav<\/strong>\u00a0\u2013 too pakk terminali v\u00f5i telli kuller uksest ukseni.<\/p>\n<p><strong>\u2713<\/strong><strong>\u00a0Turvaline<\/strong>\u00a0\u2013 kindlustuse, lunamaksu ja erik\u00e4sitluse v\u00f5imalus.<\/p>\n<p><strong>\u2713<\/strong><strong>\u00a0Lihtne<\/strong>\u00a0\u2013 veebip\u00f5hine saatmis- ja j\u00e4lgimiss\u00fcsteem.<\/p>\n<p><strong>\u2713<\/strong><strong>\u00a0Vastutulelik<\/strong>\u00a0\u2013 lahendus igale saatmissoovile.<\/p>\n<p><strong>\u2713<\/strong><strong>\u00a0Ainulaadne<\/strong>\u00a0\u2013 hinnastamisel l\u00e4htume kaalust, mitte m\u00f5\u00f5tmetest.<\/p>\n<p><strong>\u2713<\/strong><strong>\u00a0L\u00e4bipaistev<\/strong>\u00a0\u2013 pole peidetud lisakulusid.<\/p>\n<p><strong>\u2713<\/strong><strong>\u00a0K\u00e4sit\u00f6\u00f6\u00a0<\/strong>\u2013 kasutame ainult inimj\u00f5udu, mitte sorteerimisliine.<\/p>\n<p><strong>\u2713<\/strong><strong>\u00a0Rahvusvaheline<\/strong>\u00a0\u2013 paki saatmine Euroopasse ja Venemaale 1\u20137 t\u00f6\u00f6p\u00e4evaga.<\/p>\n<p><strong>\u2713<\/strong><strong>\u00a0Keskkonnas\u00f5bralik<\/strong>\u00a0\u2013 pakivedu bussides j\u00e4tab v\u00e4iksema \u00f6koloogilise jalaj\u00e4lje.<\/p>\n\t\t\t\t\t\t\t\t<\/div>\n\t\t\t\t<div class=\"elementor-element elementor-element-26b9e96 elementor-widget__width-initial elementor-widget-mobile__width-inherit elementor-widget elementor-widget-heading\" data-id=\"26b9e96\" data-element_type=\"widget\" data-e-type=\"widget\" data-widget_type=\"heading.default\">\n\t\t\t\t\t<h2 class=\"elementor-heading-title elementor-size-default\">KUIDAS SAATA?<\/h2>\t\t\t\t<\/div>\n\t\t\t\t<\/div>\n\t\t\t\t\t<\/div>\n\t\t\t\t<\/div>\n\t\t<div class=\"elementor-element elementor-element-1baa5bf e-flex e-con-boxed e-con e-parent\" data-id=\"1baa5bf\" data-element_type=\"container\" data-e-type=\"container\" data-settings=\"{&quot;background_background&quot;:&quot;classic&quot;}\">\n\t\t\t\t\t<div class=\"e-con-inner\">\n\t\t\t\t<div class=\"elementor-element elementor-element-ef387bd bdt-navigation-type-both bdt-show-hidden-item--yes bdt-carousel-style-carousel elementor-widget elementor-widget-bdt-panel-slider\" data-id=\"ef387bd\" data-element_type=\"widget\" data-e-type=\"widget\" data-settings=\"{&quot;columns&quot;:&quot;2&quot;,&quot;columns_tablet&quot;:&quot;2&quot;,&quot;columns_mobile&quot;:&quot;1&quot;}\" data-widget_type=\"bdt-panel-slider.always-visible\">\n\t\t\t\t\t\t\t<div class=\"bdt-arrows-dots-align-top-right bdt-panel-slider bdt-text-on-always\" data-settings=\"{&quot;speed&quot;:500,&quot;slidesPerView&quot;:1,&quot;slidesPerGroup&quot;:1,&quot;spaceBetween&quot;:10,&quot;effect&quot;:&quot;carousel&quot;,&quot;observer&quot;:true,&quot;observeParents&quot;:true,&quot;breakpoints&quot;:{&quot;767&quot;:{&quot;slidesPerView&quot;:2,&quot;spaceBetween&quot;:10,&quot;slidesPerGroup&quot;:1},&quot;1023&quot;:{&quot;slidesPerView&quot;:2,&quot;spaceBetween&quot;:10,&quot;slidesPerGroup&quot;:1}},&quot;navigation&quot;:{&quot;nextEl&quot;:&quot;#bdt-panel-slider-ef387bd .bdt-navigation-next&quot;,&quot;prevEl&quot;:&quot;#bdt-panel-slider-ef387bd .bdt-navigation-prev&quot;},&quot;pagination&quot;:{&quot;el&quot;:&quot;#bdt-panel-slider-ef387bd .swiper-pagination&quot;,&quot;type&quot;:&quot;bullets&quot;,&quot;clickable&quot;:&quot;true&quot;,&quot;dynamicBullets&quot;:false},&quot;scrollbar&quot;:{&quot;el&quot;:&quot;#bdt-panel-slider-ef387bd .swiper-scrollbar&quot;,&quot;hide&quot;:&quot;true&quot;},&quot;coverflowEffect&quot;:{&quot;rotate&quot;:50,&quot;stretch&quot;:0,&quot;depth&quot;:100,&quot;modifier&quot;:1,&quot;slideShadows&quot;:true}}\" id=\"bdt-panel-slider-ef387bd\" data-widget-settings=\"{&quot;id&quot;:&quot;#bdt-panel-slider-ef387bd&quot;,&quot;mouseInteractivity&quot;:false}\">\n\t\t\t<div class=\"swiper-carousel swiper\">\n\t\t\t\t<div class=\"swiper-wrapper\">\n\t\t\t\t\t\n\t\t\t\t\t\t\t\t\t\t\t<div class=\"bdt-panel-slide-item swiper-slide bdt-transition-toggle\">\n\n\t\t\t\t\t\t\t<div class=\"bdt-panel-slide-thumb-wrapper\">\n\t\t\t\t\t\t\t\t<div class=\"bdt-panel-slide-thumb bdt-background-cover\" data-depth=\"0.2\"\n\t\t\t\t\t\t\t\t\tstyle=\"background-image: url(https:\/\/crgb.monodigital.solutions\/wp-content\/uploads\/2024\/05\/Slide-1.webp);\"><\/div>\n\t\t\t\t\t\t\t<\/div>\n\t\t\t\t\t\t\t<div class=\"bdt-panel-slide-desc bdt-position-bottom-left bdt-position-z-index\">\n\n\t\t\t\t\t\t\t\t\n\t\t\t\t\t\t\t\t\n\t\t\t\t\t\t\t\t\n\t\t\t\t\t\t\t<\/div>\n\n\t\t\t\t\t\t\t\t\t\t\t\t\t<\/div>\n\t\t\t\t\t\t\t\t\t\t\t\t<div class=\"bdt-panel-slide-item swiper-slide bdt-transition-toggle\">\n\n\t\t\t\t\t\t\t<div class=\"bdt-panel-slide-thumb-wrapper\">\n\t\t\t\t\t\t\t\t<div class=\"bdt-panel-slide-thumb bdt-background-cover\" data-depth=\"0.2\"\n\t\t\t\t\t\t\t\t\tstyle=\"background-image: url(https:\/\/crgb.monodigital.solutions\/wp-content\/uploads\/2024\/05\/slide-2.webp);\"><\/div>\n\t\t\t\t\t\t\t<\/div>\n\t\t\t\t\t\t\t<div class=\"bdt-panel-slide-desc bdt-position-bottom-left bdt-position-z-index\">\n\n\t\t\t\t\t\t\t\t\n\t\t\t\t\t\t\t\t\n\t\t\t\t\t\t\t\t\n\t\t\t\t\t\t\t<\/div>\n\n\t\t\t\t\t\t\t\t\t\t\t\t\t<\/div>\n\t\t\t\t\t\t\t\t\t\t\t\t<div class=\"bdt-panel-slide-item swiper-slide bdt-transition-toggle\">\n\n\t\t\t\t\t\t\t<div class=\"bdt-panel-slide-thumb-wrapper\">\n\t\t\t\t\t\t\t\t<div class=\"bdt-panel-slide-thumb bdt-background-cover\" data-depth=\"0.2\"\n\t\t\t\t\t\t\t\t\tstyle=\"background-image: url(https:\/\/crgb.monodigital.solutions\/wp-content\/uploads\/2024\/05\/slide-4.webp);\"><\/div>\n\t\t\t\t\t\t\t<\/div>\n\t\t\t\t\t\t\t<div class=\"bdt-panel-slide-desc bdt-position-bottom-left bdt-position-z-index\">\n\n\t\t\t\t\t\t\t\t\n\t\t\t\t\t\t\t\t\n\t\t\t\t\t\t\t\t\n\t\t\t\t\t\t\t<\/div>\n\n\t\t\t\t\t\t\t\t\t\t\t\t\t<\/div>\n\t\t\t\t\t\t\t\t\t\t\t\t<div class=\"bdt-panel-slide-item swiper-slide bdt-transition-toggle\">\n\n\t\t\t\t\t\t\t<div class=\"bdt-panel-slide-thumb-wrapper\">\n\t\t\t\t\t\t\t\t<div class=\"bdt-panel-slide-thumb bdt-background-cover\" data-depth=\"0.2\"\n\t\t\t\t\t\t\t\t\tstyle=\"background-image: url(https:\/\/crgb.monodigital.solutions\/wp-content\/uploads\/2024\/05\/slide-3.webp);\"><\/div>\n\t\t\t\t\t\t\t<\/div>\n\t\t\t\t\t\t\t<div class=\"bdt-panel-slide-desc bdt-position-bottom-left bdt-position-z-index\">\n\n\t\t\t\t\t\t\t\t\n\t\t\t\t\t\t\t\t\n\t\t\t\t\t\t\t\t\n\t\t\t\t\t\t\t<\/div>\n\n\t\t\t\t\t\t\t\t\t\t\t\t\t<\/div>\n\t\t\t\t\t\t\n\t\t\t\t\t\t\t<\/div>\n\t\t\t\t<\/div>\n\n\t\t\t\t\t\t\t<div class=\"bdt-position-z-index bdt-position-top-right\">\n\t\t\t<div class=\"bdt-arrows-dots-container bdt-slidenav-container \">\n\n\t\t\t\t<div class=\"bdt-flex bdt-flex-middle\">\n\t\t\t\t\t<div class=\"\">\n\t\t\t\t\t\t<div class=\"bdt-navigation-prev bdt-slidenav-previous bdt-icon bdt-slidenav\">\n\t\t\t\t\t\t\t<i class=\"ep-icon-arrow-left-2\" aria-hidden=\"true\"><\/i>\n\t\t\t\t\t\t<\/div>\n\t\t\t\t\t<\/div>\n\n\t\t\t\t\t\t\t\t\t\t\t<div class=\"swiper-pagination\"><\/div>\n\t\t\t\t\t\n\t\t\t\t\t<div class=\"\">\n\t\t\t\t\t\t<div class=\"bdt-navigation-next bdt-slidenav-next bdt-icon bdt-slidenav\">\n\t\t\t\t\t\t\t<i class=\"ep-icon-arrow-right-2\" aria-hidden=\"true\"><\/i>\n\t\t\t\t\t\t<\/div>\n\t\t\t\t\t<\/div>\n\n\t\t\t\t<\/div>\n\t\t\t<\/div>\n\t\t<\/div>\n\t\t\t\t\t\t\n\t\t<\/div>\n\n\t\t\t\t<\/div>\n\t\t\t\t\t<\/div>\n\t\t\t\t<\/div>\n\t\t\t\t<\/div>\n\t\t","protected":false},"excerpt":{"rendered":"<p>PAKIVEDU Meie pakivedu on ainulaadne, sest kasutame saadetiste kohaletoimetamiseks liinibusside v\u00f5rgustikku, terminale, pakipunkte ning vajadusel kullereid ja kaubaautosid. Kaubavedu liinibussides [&hellip;]<\/p>\n","protected":false},"author":1,"featured_media":0,"parent":0,"menu_order":0,"comment_status":"closed","ping_status":"closed","template":"elementor_header_footer","meta":{"_acf_changed":false,"site-sidebar-layout":"default","site-content-layout":"","ast-site-content-layout":"default","site-content-style":"default","site-sidebar-style":"default","ast-global-header-display":"","ast-banner-title-visibility":"","ast-main-header-display":"","ast-hfb-above-header-display":"","ast-hfb-below-header-display":"","ast-hfb-mobile-header-display":"","site-post-title":"","ast-breadcrumbs-content":"","ast-featured-img":"","footer-sml-layout":"","ast-disable-related-posts":"","theme-transparent-header-meta":"","adv-header-id-meta":"","stick-header-meta":"","header-above-stick-meta":"","header-main-stick-meta":"","header-below-stick-meta":"","astra-migrate-meta-layouts":"default","ast-page-background-enabled":"default","ast-page-background-meta":{"desktop":{"background-color":"var(--ast-global-color-4)","background-image":"","background-repeat":"repeat","background-position":"center center","background-size":"auto","background-attachment":"scroll","background-type":"","background-media":"","overlay-type":"","overlay-color":"","overlay-opacity":"","overlay-gradient":""},"tablet":{"background-color":"","background-image":"","background-repeat":"repeat","background-position":"center center","background-size":"auto","background-attachment":"scroll","background-type":"","background-media":"","overlay-type":"","overlay-color":"","overlay-opacity":"","overlay-gradient":""},"mobile":{"background-color":"","background-image":"","background-repeat":"repeat","background-position":"center center","background-size":"auto","background-attachment":"scroll","background-type":"","background-media":"","overlay-type":"","overlay-color":"","overlay-opacity":"","overlay-gradient":""}},"ast-content-background-meta":{"desktop":{"background-color":"var(--ast-global-color-5)","background-image":"","background-repeat":"repeat","background-position":"center center","background-size":"auto","background-attachment":"scroll","background-type":"","background-media":"","overlay-type":"","overlay-color":"","overlay-opacity":"","overlay-gradient":""},"tablet":{"background-color":"var(--ast-global-color-5)","background-image":"","background-repeat":"repeat","background-position":"center center","background-size":"auto","background-attachment":"scroll","background-type":"","background-media":"","overlay-type":"","overlay-color":"","overlay-opacity":"","overlay-gradient":""},"mobile":{"background-color":"var(--ast-global-color-5)","background-image":"","background-repeat":"repeat","background-position":"center center","background-size":"auto","background-attachment":"scroll","background-type":"","background-media":"","overlay-type":"","overlay-color":"","overlay-opacity":"","overlay-gradient":""}},"footnotes":""},"class_list":["post-5635","page","type-page","status-publish","hentry"],"acf":[],"_links":{"self":[{"href":"https:\/\/crgb.monodigital.solutions\/et\/wp-json\/wp\/v2\/pages\/5635","targetHints":{"allow":["GET"]}}],"collection":[{"href":"https:\/\/crgb.monodigital.solutions\/et\/wp-json\/wp\/v2\/pages"}],"about":[{"href":"https:\/\/crgb.monodigital.solutions\/et\/wp-json\/wp\/v2\/types\/page"}],"author":[{"embeddable":true,"href":"https:\/\/crgb.monodigital.solutions\/et\/wp-json\/wp\/v2\/users\/1"}],"replies":[{"embeddable":true,"href":"https:\/\/crgb.monodigital.solutions\/et\/wp-json\/wp\/v2\/comments?post=5635"}],"version-history":[{"count":7,"href":"https:\/\/crgb.monodigital.solutions\/et\/wp-json\/wp\/v2\/pages\/5635\/revisions"}],"predecessor-version":[{"id":14353,"href":"https:\/\/crgb.monodigital.solutions\/et\/wp-json\/wp\/v2\/pages\/5635\/revisions\/14353"}],"wp:attachment":[{"href":"https:\/\/crgb.monodigital.solutions\/et\/wp-json\/wp\/v2\/media?parent=5635"}],"curies":[{"name":"wp","href":"https:\/\/api.w.org\/{rel}","templated":true}]}}